{"id":3,"date":"2026-01-12T22:00:12","date_gmt":"2026-01-12T22:00:12","guid":{"rendered":"https:\/\/marcotriggiani.it\/?page_id=3"},"modified":"2026-02-12T21:00:34","modified_gmt":"2026-02-12T21:00:34","slug":"privacy-policy","status":"publish","type":"page","link":"https:\/\/marcotriggiani.it\/en\/privacy-policy\/","title":{"rendered":"Privacy Policy"},"content":{"rendered":"<h2 class=\"wp-block-heading\"><strong>INFORMATIVA PRIVACY&nbsp;<\/strong><\/h2>\n\n\n\n<p>L\u2019informativa del sito<strong> <\/strong><a href=\"https:\/\/marcotriggiani.it\/en\/\"><strong>www.marcotriggiani.it<\/strong><\/a><strong> <\/strong>\u00e8 resa ai sensi degli artt. 13 e 14 del Regolamento UE n. 2016\/679 (d\u2019ora in poi Regolamento o GDPR), relativo alla protezione delle persone fisiche con riguardo al trattamento dei dati personali, e dell\u2019art. 13 del d.lgs. 196\/2003 e ss.mm.ii.<\/p>\n\n\n\n<p><strong>Triggiani Marco <\/strong>informa che l\u2019utilizzo del presente sito comporta pertanto il trattamento dei dati personali dell\u2019interessato solo per le finalit\u00e0 e attraverso le modalit\u00e0 di seguito indicate.<\/p>\n\n\n\n<p><strong>a) Titolare del trattamento&nbsp;<\/strong><\/p>\n\n\n\n<p><strong>1.<\/strong> Il Titolare del Trattamento \u00e8 <strong>Triggiani Marco <\/strong>con sede legale in Via Solferino, 5 in Portogruaro (C.F. e P.IVA n: 04896830272)<\/p>\n\n\n\n<p><strong>2.<\/strong> Il Titolare \u00e8 raggiungibile all\u2019indirizzo e-mail info@marcotriggiani.it ovvero all\u2019indirizzo pec: marco.triggiani@legalmail.it<\/p>\n\n\n\n<p><strong>b) Finalit\u00e0 del trattamento e base giuridica del trattamento:<\/strong><\/p>\n\n\n\n<p><strong>1.<\/strong> I dati personali (qui di seguito anche \u201cDati\u201d) da lei forniti durante la navigazione sul sito web sono raccolti e trattati per l\u2019erogazione di servizi basati su interfaccia web per la pubblicazione e la consultazione di pagine web a carattere informativo e in forma anonima ed aggregata e per fini statistici e di monitoraggio del corretto funzionamento del sito.<\/p>\n\n\n\n<p><strong>2<\/strong>. Inoltre i suoi dati personali potranno essere utilizzati anche in diverse operazioni di trattamento (conservazione, archiviazione, elaborazione) comunque in termini compatibili con tale finalit\u00e0. In particolare, i suoi dati personali potranno essere trattati per le seguenti finalit\u00e0<\/p>\n\n\n\n<ol class=\"wp-block-list\">\n<li>rispondere alle richieste di informazioni<\/li>\n\n\n\n<li>consentire l\u2019erogazione dei servizi richiesti<\/li>\n\n\n\n<li>adempiere ad obblighi di legge<\/li>\n\n\n\n<li>invio di comunicazioni promozionali e di marketing, incluso l\u2019invio di newsletter, e\/o inviti a convegni, meeting o altri eventi privati\/pubblici attraverso strumenti, anche automatizzati, quali posta elettronica, SMS, MMS anche da parte di societ\u00e0 partner del Titolare\u00a0<\/li>\n\n\n\n<li>registrazione audio\/video della consulenza per le finalit\u00e0 connesse alla prestazione del servizio<\/li>\n\n\n\n<li>profilazione, consistente nell\u2019individuazione di preferenze trattando dati personali quali a titolo esemplificativo e non esaustivo: dati anagrafici o di residenza\/area geografica, stato di famiglia, et\u00e0, professione, grado di istruzione, dati forniti mediante registrazione al presente sito web, dati relativi all\u2019utilizzo del presente sito web. Ci\u00f2 consente la creazione e definizione del suo profilo, utile per elaborare analisi di mercato e statistiche e\/o per migliorare i prodotti e\/o servizi offerti e renderli pi\u00f9 rispondenti alle sue esigenze. Previo lo specifico consenso di cui alla<strong> <\/strong>lettera b), punto 2, n. 4)<strong> <\/strong>(marketing) la profilazione permette di orientare l\u2019attivit\u00e0 di invio di comunicazioni a carattere promozionale e commerciale personalizzandoli con i mezzi ivi indicati. I dati personali saranno utilizzati sia in forma singola che aggregata e potranno essere arricchiti, confrontati e incrociati con gli altri dati in legittimo possesso della Societ\u00e0.<\/li>\n<\/ol>\n\n\n\n<p>La base giuridica per il trattamento dei dati personali di cui alla lettera b) ai punti n. 1), 2) 3) \u00e8 l\u2019art. 6, paragrafo 1, lett. b) e c) del Regolamento, in quanto i trattamenti sono necessari all\u2019erogazione dei servizi o per il riscontro di richieste dell\u2019interessato, rappresentando altres\u00ec un trattamento necessario per adempiere ad un obbligo di legge in capo al Titolare. Il conferimento dei dati personali per queste finalit\u00e0 \u00e8 facoltativo ma l\u2019eventuale mancato conferimento comporterebbe l\u2019impossibilit\u00e0 di attivare servizi forniti dal Sito, riscontrare richieste.<\/p>\n\n\n\n<p>I dati conferiti per le finalit\u00e0 di cui alla lettera b) punto n. 4) potranno essere trattati previo esplicito e specifico consenso. La base giuridica per il trattamento dei dati per tale finalit\u00e0 \u00e8 l\u2019art. 6, paragrafo 1, lett. a) del Regolamento. Il conferimento del consenso per tali finalit\u00e0 \u00e8 facoltativo e, in mancanza, il Titolare si limiter\u00e0 a trattare i dati per le finalit\u00e0 di cui agli ulteriori punti senza che sia in qualsiasi modo pregiudicata la possibilit\u00e0 di usufruire dei servizi. Anche qualora il trattamento per tali finalit\u00e0 sia prestato potr\u00e0 essere revocato in qualsiasi momento facendo semplice richiesta al Titolare del Trattamento.<\/p>\n\n\n\n<p>I dati conferiti per le finalit\u00e0 di cui alla lettera b) punto n. 5) potranno essere trattati previo esplicito e specifico consenso. La base giuridica per il trattamento dei dati per tale finalit\u00e0 \u00e8 l\u2019art. 6, paragrafo 1, lett. a) del Regolamento. Il conferimento del consenso per tali finalit\u00e0 \u00e8 facoltativo ma l\u2019eventuale mancato conferimento comporterebbe l\u2019impossibilit\u00e0 di attivare servizi forniti dal Sito, riscontrare richieste. Anche qualora il trattamento per tali finalit\u00e0 sia prestato potr\u00e0 essere revocato in qualsiasi momento facendo semplice richiesta al Titolare del Trattamento.<\/p>\n\n\n\n<p>I dati conferiti per le finalit\u00e0 di cui alla lettera b) punto n. 6) potranno essere trattati previo esplicito e specifico consenso. La base giuridica per il trattamento dei dati per tale finalit\u00e0 \u00e8 l\u2019art. 6, paragrafo 1, lett. a) del Regolamento. I dati per tale finalit\u00e0 potranno essere trattati previo esplicito e specifico consenso. Il conferimento del consenso per tali finalit\u00e0 \u00e8 quindi libero e facoltativo e, in mancanza, il Titolare si limiter\u00e0 a trattare i dati per le finalit\u00e0 di cui agli ulteriori punti senza che sia in qualsiasi modo pregiudicata la possibilit\u00e0 di usufruire dei servizi. Anche qualora il trattamento per tali finalit\u00e0 sia prestato potr\u00e0 essere revocato in qualsiasi momento facendo semplice richiesta al Titolare del Trattamento.<\/p>\n\n\n\n<p><strong>c) Dati Trattati<\/strong><\/p>\n\n\n\n<p><em>1. dati forniti volontariamente dall\u2019utente<\/em><\/p>\n\n\n\n<p>Il sito tratta esclusivamente dati comuni (quali: nome, cognome, email, numero di telefono ecc\u2026.).<\/p>\n\n\n\n<p><em>2. dati di navigazione<\/em><\/p>\n\n\n\n<p>In questa categoria di dati rientrano gli indirizzi IP o i nomi a dominio dei computer utilizzati dagli interessati che si connettono al sito, gli indirizzi delle risorse richieste, l\u2019orario della richiesta, il metodo utilizzato nel sottoporre la richiesta al server, la dimensione del file ottenuto in risposta, il codice numerico indicante lo stato della risposta del server buon fine, errore, ecc.) ed altri parametri inerenti il sistema operativo e all\u2019ambiente informatico dell\u2019interessato.&nbsp;<\/p>\n\n\n\n<p><strong>d) Modalit\u00e0 del trattamento&nbsp;<\/strong><\/p>\n\n\n\n<p>I suoi dati personali verranno trattati mediante l\u2019utilizzo di strumenti e procedure idonee a garantire la sicurezza e la riservatezza, sia facendo uso di supporti analogici\/cartacei che con l\u2019ausilio di supporti e strumenti informatici e\/o telematici.<\/p>\n\n\n\n<p><strong>e) I soggetti a cui potranno essere destinatari dei dati personali&nbsp;<\/strong><\/p>\n\n\n\n<p>I suoi dati personali saranno trattati esclusivamente dal Titolare del trattamento, dai Responsabili del Trattamento eventualmente da lui nominati e dagli incaricati del trattamento strettamente autorizzati. L\u2019elenco aggiornato dei Responsabili e degli incaricati potr\u00e0 sempre essere richiesto al Titolare per la consultazione.<\/p>\n\n\n\n<p>I suoi dati personali non saranno oggetto di diffusione fatti salvi i casi in cui Lei abbia prestato il suo espresso ed esplicito consenso. In tale ultimo caso la diffusione sar\u00e0 comunque limitata e disciplinata da quanto da Lei espressamente acconsentito con atto da Lei sottoscritto.&nbsp;<\/p>\n\n\n\n<p><strong>f) Periodo di conservazione dei dati&nbsp;<\/strong><\/p>\n\n\n\n<p>La conservazione dei suoi dati personali avverr\u00e0 per il tempo necessario a dare seguito alle sue richieste e comunque per un tempo non ulteriore a 10 (dieci) anni limitatamente e funzionalmente all\u2019esigenza di poter garantire alla Ditta l\u2019eventuale esercizio e tutela, giudiziale e\/o stragiudiziale, dei propri diritti e interessi derivanti, connessi o collegati al rapporto con lei in essere e\/o al suo oggetto. I dati personali trattati per finalit\u00e0 di marketing verranno cancellati decorso il termine di 2 anni e in ogni caso non oltre la revoca del consenso, senza pregiudicare la liceit\u00e0 del trattamento basata sul consenso prima della revoca. I dati personali trattati per la finalit\u00e0 di registrazione audio\/video verranno cancellati decorso il termine di 1 anno e in ogni caso non oltre la revoca del consenso, senza pregiudicare la liceit\u00e0 del trattamento basata sul consenso prima della revoca. I dati personali trattati per l\u2019ulteriore finalit\u00e0 opzionale di e profilazione verranno cancellati decorso il termine di 2 anni, termine ritenuto congruo trattandosi di dati connessi alla prestazione del servizio oggetto del contratto e in ogni caso non oltre la revoca del consenso, senza pregiudicare la liceit\u00e0 del trattamento basata sul consenso prima della revoca.<\/p>\n\n\n\n<p>I dati raccolti attraverso i cookie verranno conservati per il periodo stabilito dal singolo cookie. Per maggiori informazioni si rimanda alla cookie policy sul sito.&nbsp;&nbsp;<\/p>\n\n\n\n<p><strong>g) Intenzione del titolare del trattamento dei dati personali&nbsp;<\/strong><\/p>\n\n\n\n<p>Qualora il titolare del trattamento trasferisca i suoi dati personali a Paesi non appartenenti all\u2019UE o comunque non appartenenti allo Spazio Economico Europeo (costituito da Svizzera, Islanda, Liechtenstein e Norvegia) proceder\u00e0 come segue.<\/p>\n\n\n\n<p>In caso di trasferimento di dati ai predetti Paesi terzi il titolare del trattamento garantir\u00e0 un livello di protezione adeguato ai sensi dell\u2019art. 45 Regolamento Europeo n. 679\/2016 e dall\u2019art. 29 Working Party (la Commissione ha il potere di stabilire tale adeguatezza attraverso una specifica decisione e sul punto si rinvia all\u2019elenco delle decisioni presenti nel sito del Garante per la protezione dei dati personali <a href=\"http:\/\/www.garante\">www.garante<\/a>privacy.it).<\/p>\n\n\n\n<p>In mancanza di una decisione di adeguatezza ai sensi dell\u2019art. 45 del Regolamento Europeo il titolare del trattamento fornir\u00e0 garanzie adeguate ai sensi degli artt. 46 &#8211; 47 del Regolamento Europeo n. 679\/2016.<\/p>\n\n\n\n<p>Da ultimo nell\u2019ipotesi in cui non vi sia una decisione di adeguatezza ai sensi dell\u2019art. 45 del R.E. 679\/2016 o garanzie adeguate ai seni dell\u2019art. 46 del predetto Regolamento, comprese le norme vincolanti di impresa, il trasferimento dei dati personali verso un Paese sar\u00e0 ammesso solo in presenza di deroghe in specifiche situazione di cui all\u2019art. 49 del R.E. 679\/2016.<\/p>\n\n\n\n<p><strong>h) Redirect verso siti esterni<\/strong><\/p>\n\n\n\n<p>Il Sito web utilizza i c.d. social plug-in, ossia speciali strumenti che consentono di incorporare le funzionalit\u00e0 del social network direttamente all\u2019interno di un sito internet (ad esempio il tasto like di Facebook). Ciascuno dei social plug-in presente sul Sito Web \u00e8 identificato dal logo di propriet\u00e0 della piattaforma social, nel caso di specie per esempio il logo di Facebook. Qualora l\u2019utente interagisca con il social plug-in le informazioni riferibili all\u2019interessato sono direttamente comunicate alla piattaforma social che tratta i Dati in qualit\u00e0 di autonomo titolare, pertanto al fine di ottenere maggiori dettagli circa le finalit\u00e0 e modalit\u00e0 di trattamento, i diritti esercitabili e la conservazione dei dati personali ti invitiamo a consultare la privacy policy dei relativi social network<\/p>\n\n\n\n<p><strong>i) Diritti dell\u2019interessato&nbsp;<\/strong><\/p>\n\n\n\n<p>In relazione ai dati personali oggetto del trattamento di cui alla presente informativa, a lei \u00e8 riconosciuto in qualsiasi momento il diritto di:&nbsp;<\/p>\n\n\n\n<p>&#8211; <strong>Accesso<\/strong> (art. 15 Reg. UE n. 2016\/679): il Titolare garantisce il diritto di accesso ai dati personali che riguardano l\u2019interessato;&nbsp;<\/p>\n\n\n\n<p>&#8211; <strong>Rettifica<\/strong> (art. 16 Reg. UE n. 2016\/679): il Titolare provvede, su richiesta dell\u2019interessato, alla rettifica senza ingiustificato ritardo dei dati personali inesatti.<\/p>\n\n\n\n<p>&#8211; <strong>Cancellazione<\/strong> (art. 17 Reg. UE n. 2016\/679): il Titolare del trattamento provvede alla cancellazione dei dati personali dell\u2019interessato senza ingiustificato ritardo se: i dati personali non sono pi\u00f9 necessari rispetto alle finalit\u00e0 per le quali sono stati raccolti o trattati; l\u2019interessato revoca il consenso; l\u2019interessato si oppone al trattamento e non sussiste alcun motivo legittimo prevalente per procedere al trattamento; i dati personali sono stati trattati illecitamente.<\/p>\n\n\n\n<p>&#8211; <strong>Limitazione<\/strong> (art. 18 Reg. UE n. 2016\/679): il Titolare del trattamento provvede a limitare il trattamento su richiesta dell\u2019interessato quando: l\u2019interessato contesta l\u2019esattezza dei dati; il trattamento \u00e8 illecito e l\u2019interessato si oppone alla cancellazione dei dati ma chiede la limitazione del trattamento; i dati non sono pi\u00f9 necessari ai fini del trattamento, ma sono necessari per l\u2019accertamento, l\u2019esercizio, la difesa di un diritto in sede giudiziaria; l\u2019interessato si \u00e8 opposto al trattamento ed \u00e8 in attesa della prevalenza dei motivi legittimi del Titolare del trattamento rispetto a quelli dell\u2019interessato.<\/p>\n\n\n\n<p>&nbsp;&#8211; <strong>Portabilit\u00e0<\/strong> (art. 20 Reg. UE n. 2016\/679): intesa come diritto ad ottenere dal Titolare del trattamento i dati in un formato strutturato di uso comune e leggibile da dispositivo automatico per trasmetterli ad un altro titolare del trattamento senza impedimenti.&nbsp;<\/p>\n\n\n\n<p>&#8211; <strong>Opposizione al trattamento<\/strong> (art. 21 Reg. UE n. 2016\/679): l\u2019interessato ha il diritto di opporsi in qualsiasi momento al trattamento dei dati personali che lo riguardano.&nbsp;<\/p>\n\n\n\n<p>&nbsp;&#8211;<strong>Esercitare il diritto di revoca del consenso, <\/strong>qualora prestato per una o pi\u00f9 finalit\u00e0 specifiche, in ogni momento ferma la liceit\u00e0 del trattamento fino alla revoca del predetto consenso.<\/p>\n\n\n\n<p>L\u2019esercizio dei suindicati diritti potr\u00e0 essere esercitato mediante comunicazione scritta da inviare tramite email all\u2019indirizzo <a href=\"mailto:privacy@macotriggiani.it\">privacy@macotriggiani.it<\/a>&nbsp;&nbsp;<\/p>\n\n\n\n<p>Oppure con lettera raccomandata a\/r al seguente indirizzo: <strong>Triggiani Marco <\/strong>con sede legale in Via Solferino 5, 30026 Portogruaro &#8211; pec: info@marcotriggiani.it<\/p>\n\n\n\n<p>&#8211; <strong>Proporre reclamo all\u2019autorit\u00e0 Garante per la Protezione dei dati personali<\/strong> (art. 51 Reg. UE n. 2016\/679).&nbsp;<\/p>\n\n\n\n<p>Il Titolare del Trattamento avr\u00e0 cura di tenere aggiornata la presente informativa&nbsp;<\/p>\n\n\n\n<p><\/p>","protected":false},"excerpt":{"rendered":"<p>INFORMATIVA PRIVACY&nbsp; L\u2019informativa del sito www.marcotriggiani.it \u00e8 resa ai sensi degli artt. 13 e 14 del Regolamento UE n. 2016\/679 (d\u2019ora in poi Regolamento o GDPR), relativo alla protezione delle persone fisiche con riguardo al trattamento dei dati personali, e dell\u2019art. 13 del d.lgs. 196\/2003 e ss.mm.ii. Triggiani Marco informa che l\u2019utilizzo del presente sito [&hellip;]<\/p>\n","protected":false},"author":1,"featured_media":0,"parent":0,"menu_order":0,"comment_status":"closed","ping_status":"open","template":"","meta":{"footnotes":""},"class_list":["post-3","page","type-page","status-publish","hentry"],"_links":{"self":[{"href":"https:\/\/marcotriggiani.it\/en\/wp-json\/wp\/v2\/pages\/3","targetHints":{"allow":["GET"]}}],"collection":[{"href":"https:\/\/marcotriggiani.it\/en\/wp-json\/wp\/v2\/pages"}],"about":[{"href":"https:\/\/marcotriggiani.it\/en\/wp-json\/wp\/v2\/types\/page"}],"author":[{"embeddable":true,"href":"https:\/\/marcotriggiani.it\/en\/wp-json\/wp\/v2\/users\/1"}],"replies":[{"embeddable":true,"href":"https:\/\/marcotriggiani.it\/en\/wp-json\/wp\/v2\/comments?post=3"}],"version-history":[{"count":1,"href":"https:\/\/marcotriggiani.it\/en\/wp-json\/wp\/v2\/pages\/3\/revisions"}],"predecessor-version":[{"id":1968,"href":"https:\/\/marcotriggiani.it\/en\/wp-json\/wp\/v2\/pages\/3\/revisions\/1968"}],"wp:attachment":[{"href":"https:\/\/marcotriggiani.it\/en\/wp-json\/wp\/v2\/media?parent=3"}],"curies":[{"name":"wp","href":"https:\/\/api.w.org\/{rel}","templated":true}]}}