{"id":2788,"date":"2026-04-07T11:25:20","date_gmt":"2026-04-07T11:25:20","guid":{"rendered":"https:\/\/marcotriggiani.it\/?page_id=2788"},"modified":"2026-04-07T11:33:57","modified_gmt":"2026-04-07T11:33:57","slug":"non-posso-aiutarti-ora","status":"publish","type":"page","link":"https:\/\/marcotriggiani.it\/en\/non-posso-aiutarti-ora\/","title":{"rendered":"Non posso aiutarti ora"},"content":{"rendered":"<div data-elementor-type=\"wp-page\" data-elementor-id=\"2788\" class=\"elementor elementor-2788\" data-elementor-post-type=\"page\">\n\t\t\t\t<div class=\"elementor-element elementor-element-c6bd917 e-flex e-con-boxed e-con e-parent\" data-id=\"c6bd917\" data-element_type=\"container\" data-e-type=\"container\" data-settings=\"{&quot;background_background&quot;:&quot;classic&quot;}\">\n\t\t\t\t\t<div class=\"e-con-inner\">\n\t\t<div class=\"elementor-element elementor-element-03d2c7b e-con-full e-flex e-con e-child\" data-id=\"03d2c7b\" data-element_type=\"container\" data-e-type=\"container\">\n\t\t\t\t<div class=\"elementor-element elementor-element-dc3ece1 elementor-view-default elementor-widget elementor-widget-icon\" data-id=\"dc3ece1\" data-element_type=\"widget\" data-e-type=\"widget\" data-widget_type=\"icon.default\">\n\t\t\t\t<div class=\"elementor-widget-container\">\n\t\t\t\t\t\t\t<div class=\"elementor-icon-wrapper\">\n\t\t\t<div class=\"elementor-icon\">\n\t\t\t<i aria-hidden=\"true\" class=\"ti-alert\"><\/i>\t\t\t<\/div>\n\t\t<\/div>\n\t\t\t\t\t\t<\/div>\n\t\t\t\t<\/div>\n\t\t\t\t<div class=\"elementor-element elementor-element-78666df elementor-widget elementor-widget-heading\" data-id=\"78666df\" data-element_type=\"widget\" data-e-type=\"widget\" data-widget_type=\"heading.default\">\n\t\t\t\t<div class=\"elementor-widget-container\">\n\t\t\t\t\t<h2 class=\"elementor-heading-title elementor-size-default\">In questo momento <\/br>  <span style=\"color: #f26627\"> non sono la scelta giusta per te.<\/span><\/h2>\t\t\t\t<\/div>\n\t\t\t\t<\/div>\n\t\t\t\t<\/div>\n\t\t\t\t<div class=\"elementor-element elementor-element-9f57271 elementor-widget elementor-widget-text-editor\" data-id=\"9f57271\" data-element_type=\"widget\" data-e-type=\"widget\" data-widget_type=\"text-editor.default\">\n\t\t\t\t<div class=\"elementor-widget-container\">\n\t\t\t\t\t\t\t\t\t<p>Grazie per aver compilato il modulo.<\/p><p>Sulla base delle tue risposte, il percorso di coaching con me non \u00e8 quello che fa per te adesso.<\/p><p>Non \u00e8 una questione di valore. \u00c8 una questione di momento e di contesto.<\/p>\t\t\t\t\t\t\t\t<\/div>\n\t\t\t\t<\/div>\n\t\t\t\t<div class=\"elementor-element elementor-element-5a7ebbf elementor-widget elementor-widget-html\" data-id=\"5a7ebbf\" data-element_type=\"widget\" data-e-type=\"widget\" data-widget_type=\"html.default\">\n\t\t\t\t<div class=\"elementor-widget-container\">\n\t\t\t\t\t<div class=\"nq-card\">\n  <p class=\"nq-card-title\">Il percorso \u00e8 pensato per chi<\/p>\n\n  <div class=\"nq-card-item\">\n    <div class=\"nq-dot\"><\/div>\n    <span>Ha gi\u00e0 una carriera strutturata e vuole evolverla in modo consapevole<\/span>\n  <\/div>\n\n  <div class=\"nq-card-item\">\n    <div class=\"nq-dot\"><\/div>\n    <span>\u00c8 pronto a investire su se stesso, in termini di tempo e di risorse<\/span>\n  <\/div>\n\n  <div class=\"nq-card-item\">\n    <div class=\"nq-dot\"><\/div>\n    <span>Sente che qualcosa non funziona e vuole cambiarlo adesso, non tra sei mesi<\/span>\n  <\/div>\n<\/div>\n\n<style>\n.nq-card {\n  background: rgba(255, 255, 255, 0.09);\n  border: 1px solid rgba(255, 255, 255, 0.08);\n  border-radius: 12px;\n  padding: 1.75rem 2rem;\n  max-width: 480px;\n  width: 100%;\n  margin: 0 auto 2.5rem;\n  text-align: left;\n}\n\n.nq-card-title {\n  font-family: 'DM Sans', sans-serif;\n  font-size: 16px;\n  font-weight: 500;\n  letter-spacing: 0.08em;\n  color: rgba(255, 255, 255, 0.95);\n  text-transform: uppercase;\n  margin-bottom: 1rem;\n}\n\n.nq-card-item {\n  display: flex;\n  align-items: flex-start;\n  gap: 12px;\n  margin-bottom: 0.85rem;\n  font-family: 'DM Sans', sans-serif;\n  font-size: 15px;\n  color: rgba(255, 255, 255, 0.75);\n  line-height: 1.5;\n}\n\n.nq-card-item:last-child {\n  margin-bottom: 0;\n}\n\n.nq-dot {\n  width: 6px;\n  height: 6px;\n  border-radius: 50%;\n  background: #FF6B35;\n  flex-shrink: 0;\n  margin-top: 7px;\n}\n<\/style>\t\t\t\t<\/div>\n\t\t\t\t<\/div>\n\t\t\t\t<div class=\"elementor-element elementor-element-de9d952 elementor-widget elementor-widget-html\" data-id=\"de9d952\" data-element_type=\"widget\" data-e-type=\"widget\" data-widget_type=\"html.default\">\n\t\t\t\t<div class=\"elementor-widget-container\">\n\t\t\t\t\t<p class=\"nq-footer\">\n  Se la tua situazione cambia, puoi tornare quando vuoi.<br>\n  Trovi i miei contenuti su\n  <a href=\"https:\/\/www.instagram.com\/marcotriggiani\/\" target=\"_blank\">Instagram<\/a>\n  ogni settimana.\n<\/p>\n\n<style>\n.nq-footer {\n  font-family: 'DM Sans', sans-serif;\n  font-size: 15px;\n  color: rgba(255, 255, 255, 0.7);\n  text-align: center;\n  max-width: 400px;\n  margin: 0 auto;\n  line-height: 1.6;\n}\n\n.nq-footer a {\n  color: rgba(255, 107, 53, 0.7);\n  text-decoration: none;\n}\n<\/style>\t\t\t\t<\/div>\n\t\t\t\t<\/div>\n\t\t\t\t\t<\/div>\n\t\t\t\t<\/div>\n\t\t<div class=\"elementor-element elementor-element-c8dbb24 e-flex e-con-boxed e-con e-parent\" data-id=\"c8dbb24\" data-element_type=\"container\" data-e-type=\"container\" data-settings=\"{&quot;background_background&quot;:&quot;classic&quot;}\">\n\t\t\t\t\t<div class=\"e-con-inner\">\n\t\t\t\t<div class=\"elementor-element elementor-element-22c9df0 elementor-widget elementor-widget-image\" data-id=\"22c9df0\" data-element_type=\"widget\" data-e-type=\"widget\" data-widget_type=\"image.default\">\n\t\t\t\t<div class=\"elementor-widget-container\">\n\t\t\t\t\t\t\t\t\t\t\t\t\t\t\t<img decoding=\"async\" width=\"400\" height=\"115\" src=\"https:\/\/marcotriggiani.it\/wp-content\/uploads\/2024\/08\/cropped-MT-1.png\" class=\"attachment-large size-large wp-image-1822\" alt=\"\" srcset=\"https:\/\/marcotriggiani.it\/wp-content\/uploads\/2024\/08\/cropped-MT-1.png 400w, https:\/\/marcotriggiani.it\/wp-content\/uploads\/2024\/08\/cropped-MT-1-300x86.png 300w\" sizes=\"(max-width: 400px) 100vw, 400px\" \/>\t\t\t\t\t\t\t\t\t\t\t\t\t\t\t<\/div>\n\t\t\t\t<\/div>\n\t\t\t\t<div class=\"elementor-element elementor-element-672fe84 elementor-widget elementor-widget-text-editor\" data-id=\"672fe84\" data-element_type=\"widget\" data-e-type=\"widget\" data-widget_type=\"text-editor.default\">\n\t\t\t\t<div class=\"elementor-widget-container\">\n\t\t\t\t\t\t\t\t\t<p>\u00a9 2026 Marco Triggiani &#8211; Tutti i diritti riservati<\/p><p>P.IVA 04896830272<\/p><p>Via Solferino, 5 30026 Portogruaro (VE)<\/p>\t\t\t\t\t\t\t\t<\/div>\n\t\t\t\t<\/div>\n\t\t\t\t\t<\/div>\n\t\t\t\t<\/div>\n\t\t\t\t<\/div>","protected":false},"excerpt":{"rendered":"<p>In questo momento non sono la scelta giusta per te. Grazie per aver compilato il modulo. Sulla base delle tue risposte, il percorso di coaching con me non \u00e8 quello che fa per te adesso. Non \u00e8 una questione di valore. \u00c8 una questione di momento e di contesto. Il percorso \u00e8 pensato per chi [&hellip;]<\/p>\n","protected":false},"author":2,"featured_media":0,"parent":0,"menu_order":0,"comment_status":"closed","ping_status":"closed","template":"elementor_canvas","meta":{"footnotes":""},"class_list":["post-2788","page","type-page","status-publish","hentry"],"_links":{"self":[{"href":"https:\/\/marcotriggiani.it\/en\/wp-json\/wp\/v2\/pages\/2788","targetHints":{"allow":["GET"]}}],"collection":[{"href":"https:\/\/marcotriggiani.it\/en\/wp-json\/wp\/v2\/pages"}],"about":[{"href":"https:\/\/marcotriggiani.it\/en\/wp-json\/wp\/v2\/types\/page"}],"author":[{"embeddable":true,"href":"https:\/\/marcotriggiani.it\/en\/wp-json\/wp\/v2\/users\/2"}],"replies":[{"embeddable":true,"href":"https:\/\/marcotriggiani.it\/en\/wp-json\/wp\/v2\/comments?post=2788"}],"version-history":[{"count":19,"href":"https:\/\/marcotriggiani.it\/en\/wp-json\/wp\/v2\/pages\/2788\/revisions"}],"predecessor-version":[{"id":2807,"href":"https:\/\/marcotriggiani.it\/en\/wp-json\/wp\/v2\/pages\/2788\/revisions\/2807"}],"wp:attachment":[{"href":"https:\/\/marcotriggiani.it\/en\/wp-json\/wp\/v2\/media?parent=2788"}],"curies":[{"name":"wp","href":"https:\/\/api.w.org\/{rel}","templated":true}]}}